{"id":152,"date":"2025-11-07T09:04:13","date_gmt":"2025-11-07T09:04:13","guid":{"rendered":"https:\/\/sodepi.ma\/?page_id=152"},"modified":"2025-11-07T16:41:27","modified_gmt":"2025-11-07T16:41:27","slug":"mousses-rebond-hr","status":"publish","type":"page","link":"https:\/\/sodepi.ma\/ar\/mousses-rebond-hr\/","title":{"rendered":"\u0631\u063a\u0648\u0629 \u0627\u0644\u0627\u0631\u062a\u062f\u0627\u062f (HR)"},"content":{"rendered":"<div data-elementor-type=\"wp-page\" data-elementor-id=\"152\" class=\"elementor elementor-152\" data-elementor-post-type=\"page\">\n\t\t\t\t\t\t<section class=\"elementor-section elementor-top-section elementor-element elementor-element-262e468d elementor-section-height-min-height elementor-section-boxed elementor-section-height-default elementor-section-items-middle\" data-id=\"262e468d\" data-element_type=\"section\" data-settings=\"{&quot;background_background&quot;:&quot;classic&quot;,&quot;ekit_has_onepagescroll_dot&quot;:&quot;yes&quot;}\">\n\t\t\t\t\t\t\t<div class=\"elementor-background-overlay\"><\/div>\n\t\t\t\t\t\t\t<div class=\"elementor-container elementor-column-gap-wide\">\n\t\t\t\t\t<div class=\"elementor-column elementor-col-100 elementor-top-column elementor-element elementor-element-423810af\" data-id=\"423810af\" data-element_type=\"column\">\n\t\t\t<div class=\"elementor-widget-wrap elementor-element-populated\">\n\t\t\t\t\t\t<div class=\"elementor-element elementor-element-79f4dfda elementor-invisible elementor-widget elementor-widget-heading\" data-id=\"79f4dfda\" data-element_type=\"widget\" data-settings=\"{&quot;_animation&quot;:&quot;fadeIn&quot;,&quot;ekit_we_effect_on&quot;:&quot;none&quot;}\" data-widget_type=\"heading.default\">\n\t\t\t\t\t<h1 class=\"elementor-heading-title elementor-size-default\">\u0645\u0648\u0633 \u0631\u064a\u0628\u064a\u0648\u0646\u062f (HR)<\/h1>\t\t\t\t<\/div>\n\t\t\t\t\t<\/div>\n\t\t<\/div>\n\t\t\t\t\t<\/div>\n\t\t<\/section>\n\t\t\t\t<section class=\"elementor-section elementor-top-section elementor-element elementor-element-2919277a elementor-section-content-middle elementor-section-boxed elementor-section-height-default elementor-section-height-default\" data-id=\"2919277a\" data-element_type=\"section\" data-settings=\"{&quot;ekit_has_onepagescroll_dot&quot;:&quot;yes&quot;}\">\n\t\t\t\t\t\t<div class=\"elementor-container elementor-column-gap-wide\">\n\t\t\t\t\t<div class=\"elementor-column elementor-col-50 elementor-top-column elementor-element elementor-element-9a0941c\" data-id=\"9a0941c\" data-element_type=\"column\">\n\t\t\t<div class=\"elementor-widget-wrap elementor-element-populated\">\n\t\t\t\t\t\t<div class=\"elementor-element elementor-element-21d94d48 animated-fast elementor-widget-divider--view-line elementor-invisible elementor-widget elementor-widget-divider\" data-id=\"21d94d48\" data-element_type=\"widget\" data-settings=\"{&quot;_animation&quot;:&quot;fadeInDown&quot;,&quot;ekit_we_effect_on&quot;:&quot;none&quot;}\" data-widget_type=\"divider.default\">\n\t\t\t\t\t\t\t<div class=\"elementor-divider\">\n\t\t\t<span class=\"elementor-divider-separator\">\n\t\t\t\t\t\t<\/span>\n\t\t<\/div>\n\t\t\t\t\t\t<\/div>\n\t\t\t\t<div class=\"elementor-element elementor-element-37662d5e animated-fast elementor-invisible elementor-widget elementor-widget-heading\" data-id=\"37662d5e\" data-element_type=\"widget\" data-settings=\"{&quot;_animation&quot;:&quot;fadeInLeft&quot;,&quot;_animation_delay&quot;:200,&quot;ekit_we_effect_on&quot;:&quot;none&quot;}\" data-widget_type=\"heading.default\">\n\t\t\t\t\t<h2 class=\"elementor-heading-title elementor-size-default\">\u0645\u0648\u0633 \u0631\u064a\u0628\u064a\u0648\u0646\u062f (HR) - \u0639\u0627\u0644\u064a \u0627\u0644\u062c\u0648\u062f\u0629 \u0648\u0631\u0641\u064a\u0639 \u0627\u0644\u0645\u0633\u062a\u0648\u0649<\/h2>\t\t\t\t<\/div>\n\t\t\t\t<div class=\"elementor-element elementor-element-5806dbeb animated-fast elementor-invisible elementor-widget elementor-widget-heading\" data-id=\"5806dbeb\" data-element_type=\"widget\" data-settings=\"{&quot;_animation&quot;:&quot;fadeInLeft&quot;,&quot;_animation_delay&quot;:300,&quot;ekit_we_effect_on&quot;:&quot;none&quot;}\" data-widget_type=\"heading.default\">\n\t\t\t\t\t<h5 class=\"elementor-heading-title elementor-size-default\"> L'\u00c9l\u00e9gance du Soutien : Notre Mousse Rebond Haute R\u00e9silience<\/h5>\t\t\t\t<\/div>\n\t\t\t\t<div class=\"elementor-element elementor-element-4f6b22ea animated-fast elementor-invisible elementor-widget elementor-widget-text-editor\" data-id=\"4f6b22ea\" data-element_type=\"widget\" data-settings=\"{&quot;_animation&quot;:&quot;fadeInUp&quot;,&quot;_animation_delay&quot;:400,&quot;ekit_we_effect_on&quot;:&quot;none&quot;}\" data-widget_type=\"text-editor.default\">\n\t\t\t\t\t\t\t\t\t<p><strong>Introduction :<\/strong><br \/>Pour ceux pour qui le confort est une science, Sodepi pr\u00e9sente sa Mousse Rebond (HR). Bien plus qu&rsquo;une mousse standard, il s&rsquo;agit d&rsquo;un mat\u00e9riau haute performance, con\u00e7u pour offrir une combinaison in\u00e9gal\u00e9e de soutien ferme, de respirabilit\u00e9 et de durabilit\u00e9. C&rsquo;est le choix d&rsquo;excellence pour les produits de literie et de mobilier haut de gamme.<\/p>\t\t\t\t\t\t\t\t<\/div>\n\t\t\t\t\t<\/div>\n\t\t<\/div>\n\t\t\t\t<div class=\"elementor-column elementor-col-50 elementor-top-column elementor-element elementor-element-485cf81a\" data-id=\"485cf81a\" data-element_type=\"column\">\n\t\t\t<div class=\"elementor-widget-wrap elementor-element-populated\">\n\t\t\t\t\t\t<section class=\"elementor-section elementor-inner-section elementor-element elementor-element-326f4bb6 elementor-section-boxed elementor-section-height-default elementor-section-height-default\" data-id=\"326f4bb6\" data-element_type=\"section\" data-settings=\"{&quot;ekit_has_onepagescroll_dot&quot;:&quot;yes&quot;}\">\n\t\t\t\t\t\t<div class=\"elementor-container elementor-column-gap-no\">\n\t\t\t\t\t<div class=\"elementor-column elementor-col-50 elementor-inner-column elementor-element elementor-element-578a2065\" data-id=\"578a2065\" data-element_type=\"column\">\n\t\t\t<div class=\"elementor-widget-wrap elementor-element-populated\">\n\t\t\t\t\t\t<div class=\"elementor-element elementor-element-3c9307fe elementor-widget__width-initial animated-fast elementor-invisible elementor-widget elementor-widget-image\" data-id=\"3c9307fe\" data-element_type=\"widget\" data-settings=\"{&quot;_animation&quot;:&quot;fadeInUp&quot;,&quot;_animation_delay&quot;:300,&quot;ekit_we_effect_on&quot;:&quot;none&quot;}\" data-widget_type=\"image.default\">\n\t\t\t\t\t\t\t\t\t\t\t\t\t\t\t<img fetchpriority=\"high\" decoding=\"async\" width=\"567\" height=\"427\" src=\"https:\/\/sodepi.ma\/wp-content\/uploads\/2025\/11\/trim-foam.jpg\" class=\"attachment-full size-full wp-image-202\" alt=\"\" srcset=\"https:\/\/sodepi.ma\/wp-content\/uploads\/2025\/11\/trim-foam.jpg 567w, https:\/\/sodepi.ma\/wp-content\/uploads\/2025\/11\/trim-foam-300x226.jpg 300w\" sizes=\"(max-width: 567px) 100vw, 567px\" \/>\t\t\t\t\t\t\t\t\t\t\t\t\t\t\t<\/div>\n\t\t\t\t\t<\/div>\n\t\t<\/div>\n\t\t\t\t<div class=\"elementor-column elementor-col-50 elementor-inner-column elementor-element elementor-element-28463e11\" data-id=\"28463e11\" data-element_type=\"column\">\n\t\t\t<div class=\"elementor-widget-wrap elementor-element-populated\">\n\t\t\t\t\t\t<div class=\"elementor-element elementor-element-1d760e14 elementor-widget__width-initial animated-fast elementor-invisible elementor-widget elementor-widget-image\" data-id=\"1d760e14\" data-element_type=\"widget\" data-settings=\"{&quot;_animation&quot;:&quot;fadeInRight&quot;,&quot;_animation_delay&quot;:200,&quot;ekit_we_effect_on&quot;:&quot;none&quot;}\" data-widget_type=\"image.default\">\n\t\t\t\t\t\t\t\t\t\t\t\t\t\t\t<img decoding=\"async\" width=\"900\" height=\"631\" src=\"https:\/\/sodepi.ma\/wp-content\/uploads\/2025\/11\/WhatsApp-Image-2025-11-06-at-11.53.25-e1762510356884.jpeg\" class=\"attachment-full size-full wp-image-195\" alt=\"\" srcset=\"https:\/\/sodepi.ma\/wp-content\/uploads\/2025\/11\/WhatsApp-Image-2025-11-06-at-11.53.25-e1762510356884.jpeg 900w, https:\/\/sodepi.ma\/wp-content\/uploads\/2025\/11\/WhatsApp-Image-2025-11-06-at-11.53.25-e1762510356884-300x210.jpeg 300w, https:\/\/sodepi.ma\/wp-content\/uploads\/2025\/11\/WhatsApp-Image-2025-11-06-at-11.53.25-e1762510356884-768x538.jpeg 768w\" sizes=\"(max-width: 900px) 100vw, 900px\" \/>\t\t\t\t\t\t\t\t\t\t\t\t\t\t\t<\/div>\n\t\t\t\t\t<\/div>\n\t\t<\/div>\n\t\t\t\t\t<\/div>\n\t\t<\/section>\n\t\t\t\t\t<\/div>\n\t\t<\/div>\n\t\t\t\t\t<\/div>\n\t\t<\/section>\n\t\t\t\t<section class=\"elementor-section elementor-top-section elementor-element elementor-element-ba9ca6c elementor-section-boxed elementor-section-height-default elementor-section-height-default\" data-id=\"ba9ca6c\" data-element_type=\"section\" data-settings=\"{&quot;ekit_has_onepagescroll_dot&quot;:&quot;yes&quot;}\">\n\t\t\t\t\t\t<div class=\"elementor-container elementor-column-gap-wide\">\n\t\t\t\t\t<div class=\"elementor-column elementor-col-100 elementor-top-column elementor-element elementor-element-514d7b8\" data-id=\"514d7b8\" data-element_type=\"column\">\n\t\t\t<div class=\"elementor-widget-wrap elementor-element-populated\">\n\t\t\t\t\t\t<div class=\"elementor-element elementor-element-ef3103e elementor-widget-divider--view-line elementor-invisible elementor-widget elementor-widget-divider\" data-id=\"ef3103e\" data-element_type=\"widget\" data-settings=\"{&quot;_animation&quot;:&quot;fadeInDown&quot;,&quot;ekit_we_effect_on&quot;:&quot;none&quot;}\" data-widget_type=\"divider.default\">\n\t\t\t\t\t\t\t<div class=\"elementor-divider\">\n\t\t\t<span class=\"elementor-divider-separator\">\n\t\t\t\t\t\t<\/span>\n\t\t<\/div>\n\t\t\t\t\t\t<\/div>\n\t\t\t\t<div class=\"elementor-element elementor-element-78140e5d animated-fast elementor-invisible elementor-widget elementor-widget-heading\" data-id=\"78140e5d\" data-element_type=\"widget\" data-settings=\"{&quot;_animation&quot;:&quot;fadeInUp&quot;,&quot;_animation_delay&quot;:200,&quot;ekit_we_effect_on&quot;:&quot;none&quot;}\" data-widget_type=\"heading.default\">\n\t\t\t\t\t<h2 class=\"elementor-heading-title elementor-size-default\">Nos Crit\u00e8res d'Excellence :<\/h2>\t\t\t\t<\/div>\n\t\t\t\t<div class=\"elementor-element elementor-element-559d9089 animated-fast elementor-invisible elementor-widget elementor-widget-text-editor\" data-id=\"559d9089\" data-element_type=\"widget\" data-settings=\"{&quot;_animation&quot;:&quot;fadeInUp&quot;,&quot;_animation_delay&quot;:300,&quot;ekit_we_effect_on&quot;:&quot;none&quot;}\" data-widget_type=\"text-editor.default\">\n\t\t\t\t\t\t\t\t\t<p><strong>Les Caract\u00e9ristiques Sup\u00e9rieures de la Mousse Rebond :<\/strong><\/p>\t\t\t\t\t\t\t\t<\/div>\n\t\t\t\t<section class=\"elementor-section elementor-inner-section elementor-element elementor-element-ff74574 elementor-section-boxed elementor-section-height-default elementor-section-height-default\" data-id=\"ff74574\" data-element_type=\"section\" data-settings=\"{&quot;ekit_has_onepagescroll_dot&quot;:&quot;yes&quot;}\">\n\t\t\t\t\t\t<div class=\"elementor-container elementor-column-gap-wide\">\n\t\t\t\t\t<div class=\"elementor-column elementor-col-33 elementor-inner-column elementor-element elementor-element-37a03500 animated-fast elementor-invisible\" data-id=\"37a03500\" data-element_type=\"column\" data-settings=\"{&quot;animation&quot;:&quot;zoomIn&quot;,&quot;animation_delay&quot;:400}\">\n\t\t\t<div class=\"elementor-widget-wrap elementor-element-populated\">\n\t\t\t\t\t\t<div class=\"elementor-element elementor-element-11f84491 elementor-position-top elementor-widget elementor-widget-image-box\" data-id=\"11f84491\" data-element_type=\"widget\" data-settings=\"{&quot;ekit_we_effect_on&quot;:&quot;none&quot;}\" data-widget_type=\"image-box.default\">\n\t\t\t\t\t<div class=\"elementor-image-box-wrapper\"><figure class=\"elementor-image-box-img\"><img decoding=\"async\" width=\"300\" height=\"300\" src=\"https:\/\/sodepi.ma\/wp-content\/uploads\/2025\/11\/rh-1.jpg\" class=\"attachment-full size-full wp-image-200\" alt=\"\" srcset=\"https:\/\/sodepi.ma\/wp-content\/uploads\/2025\/11\/rh-1.jpg 300w, https:\/\/sodepi.ma\/wp-content\/uploads\/2025\/11\/rh-1-150x150.jpg 150w\" sizes=\"(max-width: 300px) 100vw, 300px\" \/><\/figure><div class=\"elementor-image-box-content\"><h5 class=\"elementor-image-box-title\">R\u00e9silience Exceptionnelle<\/h5><p class=\"elementor-image-box-description\">Gr\u00e2ce \u00e0 sa structure cellulaire \u00e0 cellules ouvertes tr\u00e8s \u00e9volu\u00e9e, la mousse Rebond retrouve sa forme initiale presque instantan\u00e9ment, sans m\u00e9moire de forme. Elle r\u00e9siste au tassement et pr\u00e9serve son int\u00e9grit\u00e9 sur le tr\u00e8s long terme.<\/p><\/div><\/div>\t\t\t\t<\/div>\n\t\t\t\t\t<\/div>\n\t\t<\/div>\n\t\t\t\t<div class=\"elementor-column elementor-col-33 elementor-inner-column elementor-element elementor-element-65476f0e animated-fast elementor-invisible\" data-id=\"65476f0e\" data-element_type=\"column\" data-settings=\"{&quot;animation&quot;:&quot;zoomIn&quot;,&quot;animation_delay&quot;:500}\">\n\t\t\t<div class=\"elementor-widget-wrap elementor-element-populated\">\n\t\t\t\t\t\t<div class=\"elementor-element elementor-element-7f4a9d13 elementor-position-top elementor-widget elementor-widget-image-box\" data-id=\"7f4a9d13\" data-element_type=\"widget\" data-settings=\"{&quot;ekit_we_effect_on&quot;:&quot;none&quot;}\" data-widget_type=\"image-box.default\">\n\t\t\t\t\t<div class=\"elementor-image-box-wrapper\"><figure class=\"elementor-image-box-img\"><img loading=\"lazy\" decoding=\"async\" width=\"300\" height=\"300\" src=\"https:\/\/sodepi.ma\/wp-content\/uploads\/2025\/11\/rh-soutien.jpg\" class=\"attachment-full size-full wp-image-198\" alt=\"\" srcset=\"https:\/\/sodepi.ma\/wp-content\/uploads\/2025\/11\/rh-soutien.jpg 300w, https:\/\/sodepi.ma\/wp-content\/uploads\/2025\/11\/rh-soutien-150x150.jpg 150w\" sizes=\"(max-width: 300px) 100vw, 300px\" \/><\/figure><div class=\"elementor-image-box-content\"><h5 class=\"elementor-image-box-title\">Soutien Ferme et Cibl\u00e9<\/h5><p class=\"elementor-image-box-description\">Elle offre une fermet\u00e9 sup\u00e9rieure \u00e0 une mousse PU classique de m\u00eame densit\u00e9, apportant un maintien optimal qui respecte l'alignement de la colonne vert\u00e9brale.<\/p><\/div><\/div>\t\t\t\t<\/div>\n\t\t\t\t\t<\/div>\n\t\t<\/div>\n\t\t\t\t<div class=\"elementor-column elementor-col-33 elementor-inner-column elementor-element elementor-element-6f4a180f animated-fast elementor-invisible\" data-id=\"6f4a180f\" data-element_type=\"column\" data-settings=\"{&quot;animation&quot;:&quot;zoomIn&quot;,&quot;animation_delay&quot;:600}\">\n\t\t\t<div class=\"elementor-widget-wrap elementor-element-populated\">\n\t\t\t\t\t\t<div class=\"elementor-element elementor-element-1123d0b7 elementor-position-top elementor-widget elementor-widget-image-box\" data-id=\"1123d0b7\" data-element_type=\"widget\" data-settings=\"{&quot;ekit_we_effect_on&quot;:&quot;none&quot;}\" data-widget_type=\"image-box.default\">\n\t\t\t\t\t<div class=\"elementor-image-box-wrapper\"><figure class=\"elementor-image-box-img\"><img loading=\"lazy\" decoding=\"async\" width=\"300\" height=\"300\" src=\"https:\/\/sodepi.ma\/wp-content\/uploads\/2025\/11\/rh-dur.jpg\" class=\"attachment-full size-full wp-image-199\" alt=\"\" srcset=\"https:\/\/sodepi.ma\/wp-content\/uploads\/2025\/11\/rh-dur.jpg 300w, https:\/\/sodepi.ma\/wp-content\/uploads\/2025\/11\/rh-dur-150x150.jpg 150w\" sizes=\"(max-width: 300px) 100vw, 300px\" \/><\/figure><div class=\"elementor-image-box-content\"><h5 class=\"elementor-image-box-title\">Durabilit\u00e9 Accrue<\/h5><p class=\"elementor-image-box-description\">Sa capacit\u00e9 \u00e0 r\u00e9sister \u00e0 des cycles de compression r\u00e9p\u00e9t\u00e9s en fait la mousse la plus durable de notre gamme. Elle est con\u00e7ue pour que le confort et le soutien demeurent inchang\u00e9s ann\u00e9e apr\u00e8s ann\u00e9e.<\/p><\/div><\/div>\t\t\t\t<\/div>\n\t\t\t\t\t<\/div>\n\t\t<\/div>\n\t\t\t\t\t<\/div>\n\t\t<\/section>\n\t\t\t\t<section class=\"elementor-section elementor-inner-section elementor-element elementor-element-4f4090d2 elementor-section-boxed elementor-section-height-default elementor-section-height-default\" data-id=\"4f4090d2\" data-element_type=\"section\" data-settings=\"{&quot;ekit_has_onepagescroll_dot&quot;:&quot;yes&quot;}\">\n\t\t\t\t\t\t<div class=\"elementor-container elementor-column-gap-wide\">\n\t\t\t\t\t<div class=\"elementor-column elementor-col-33 elementor-inner-column elementor-element elementor-element-1c8f4232 animated-fast elementor-invisible\" data-id=\"1c8f4232\" data-element_type=\"column\" data-settings=\"{&quot;animation&quot;:&quot;zoomIn&quot;,&quot;animation_delay&quot;:700}\">\n\t\t\t<div class=\"elementor-widget-wrap elementor-element-populated\">\n\t\t\t\t\t\t<div class=\"elementor-element elementor-element-869502a elementor-position-top elementor-widget elementor-widget-image-box\" data-id=\"869502a\" data-element_type=\"widget\" data-settings=\"{&quot;ekit_we_effect_on&quot;:&quot;none&quot;}\" data-widget_type=\"image-box.default\">\n\t\t\t\t\t<div class=\"elementor-image-box-wrapper\"><figure class=\"elementor-image-box-img\"><img loading=\"lazy\" decoding=\"async\" width=\"300\" height=\"300\" src=\"https:\/\/sodepi.ma\/wp-content\/uploads\/2025\/11\/rh-6.jpg\" class=\"attachment-full size-full wp-image-197\" alt=\"\" srcset=\"https:\/\/sodepi.ma\/wp-content\/uploads\/2025\/11\/rh-6.jpg 300w, https:\/\/sodepi.ma\/wp-content\/uploads\/2025\/11\/rh-6-150x150.jpg 150w\" sizes=\"(max-width: 300px) 100vw, 300px\" \/><\/figure><div class=\"elementor-image-box-content\"><h5 class=\"elementor-image-box-title\">Confort Climatique Optimal<\/h5><p class=\"elementor-image-box-description\">Sa perm\u00e9abilit\u00e9 \u00e0 l'air est excellente. L'air y circule librement, \u00e9vacuant l'humidit\u00e9 et la chaleur corporelle pour un sommeil frais et sec toute la nuit.\n\n<\/p><\/div><\/div>\t\t\t\t<\/div>\n\t\t\t\t\t<\/div>\n\t\t<\/div>\n\t\t\t\t<div class=\"elementor-column elementor-col-33 elementor-inner-column elementor-element elementor-element-2abf3f animated-fast elementor-invisible\" data-id=\"2abf3f\" data-element_type=\"column\" data-settings=\"{&quot;animation&quot;:&quot;zoomIn&quot;,&quot;animation_delay&quot;:800}\">\n\t\t\t<div class=\"elementor-widget-wrap elementor-element-populated\">\n\t\t\t\t\t\t<div class=\"elementor-element elementor-element-1b5900c4 elementor-position-top elementor-widget elementor-widget-image-box\" data-id=\"1b5900c4\" data-element_type=\"widget\" data-settings=\"{&quot;ekit_we_effect_on&quot;:&quot;none&quot;}\" data-widget_type=\"image-box.default\">\n\t\t\t\t\t<div class=\"elementor-image-box-wrapper\"><figure class=\"elementor-image-box-img\"><img loading=\"lazy\" decoding=\"async\" width=\"300\" height=\"300\" src=\"https:\/\/sodepi.ma\/wp-content\/uploads\/2025\/11\/rh-leger.jpg\" class=\"attachment-full size-full wp-image-201\" alt=\"\" srcset=\"https:\/\/sodepi.ma\/wp-content\/uploads\/2025\/11\/rh-leger.jpg 300w, https:\/\/sodepi.ma\/wp-content\/uploads\/2025\/11\/rh-leger-150x150.jpg 150w\" sizes=\"(max-width: 300px) 100vw, 300px\" \/><\/figure><div class=\"elementor-image-box-content\"><h5 class=\"elementor-image-box-title\">L\u00e9g\u00e8ret\u00e9 et Souplesse<\/h5><p class=\"elementor-image-box-description\">Malgr\u00e9 sa fermet\u00e9 et sa robustesse, elle reste remarquablement l\u00e9g\u00e8re et facile \u00e0 travailler, offrant une grande libert\u00e9 de conception.<\/p><\/div><\/div>\t\t\t\t<\/div>\n\t\t\t\t\t<\/div>\n\t\t<\/div>\n\t\t\t\t<div class=\"elementor-column elementor-col-33 elementor-inner-column elementor-element elementor-element-4d49364b elementor-hidden-mobile\" data-id=\"4d49364b\" data-element_type=\"column\">\n\t\t\t<div class=\"elementor-widget-wrap\">\n\t\t\t\t\t\t\t<\/div>\n\t\t<\/div>\n\t\t\t\t\t<\/div>\n\t\t<\/section>\n\t\t\t\t\t<\/div>\n\t\t<\/div>\n\t\t\t\t\t<\/div>\n\t\t<\/section>\n\t\t\t\t<section class=\"elementor-section elementor-top-section elementor-element elementor-element-2cbbee4e elementor-section-boxed elementor-section-height-default elementor-section-height-default\" data-id=\"2cbbee4e\" data-element_type=\"section\" data-settings=\"{&quot;ekit_has_onepagescroll_dot&quot;:&quot;yes&quot;}\">\n\t\t\t\t\t\t<div class=\"elementor-container elementor-column-gap-extended\">\n\t\t\t\t\t<div class=\"elementor-column elementor-col-100 elementor-top-column elementor-element elementor-element-7ab52e4d\" data-id=\"7ab52e4d\" data-element_type=\"column\">\n\t\t\t<div class=\"elementor-widget-wrap elementor-element-populated\">\n\t\t\t\t\t\t<div class=\"elementor-element elementor-element-1784d827 animated-fast elementor-widget-divider--view-line elementor-invisible elementor-widget elementor-widget-divider\" data-id=\"1784d827\" data-element_type=\"widget\" data-settings=\"{&quot;_animation&quot;:&quot;fadeInDown&quot;,&quot;ekit_we_effect_on&quot;:&quot;none&quot;}\" data-widget_type=\"divider.default\">\n\t\t\t\t\t\t\t<div class=\"elementor-divider\">\n\t\t\t<span class=\"elementor-divider-separator\">\n\t\t\t\t\t\t<\/span>\n\t\t<\/div>\n\t\t\t\t\t\t<\/div>\n\t\t\t\t<div class=\"elementor-element elementor-element-5d0a849d animated-fast elementor-invisible elementor-widget elementor-widget-heading\" data-id=\"5d0a849d\" data-element_type=\"widget\" data-settings=\"{&quot;_animation&quot;:&quot;fadeInUp&quot;,&quot;_animation_delay&quot;:200,&quot;ekit_we_effect_on&quot;:&quot;none&quot;}\" data-widget_type=\"heading.default\">\n\t\t\t\t\t<h2 class=\"elementor-heading-title elementor-size-default\">Notre Engagement Qualit\u00e9 :<\/h2>\t\t\t\t<\/div>\n\t\t\t\t<div class=\"elementor-element elementor-element-2f600882 animated-fast elementor-invisible elementor-widget elementor-widget-text-editor\" data-id=\"2f600882\" data-element_type=\"widget\" data-settings=\"{&quot;_animation&quot;:&quot;fadeInUp&quot;,&quot;_animation_delay&quot;:300,&quot;ekit_we_effect_on&quot;:&quot;none&quot;}\" data-widget_type=\"text-editor.default\">\n\t\t\t\t\t\t\t\t\t<p class=\"ds-markdown-paragraph\">La Mousse Rebond Sodepi est le fruit d&rsquo;une technologie de pointe et d&rsquo;un contr\u00f4le qualit\u00e9 rigoureux. Nous utilisons des mati\u00e8res premi\u00e8res premi\u00e8res pour garantir des performances stables et une long\u00e9vit\u00e9 maximale. Son taux de r\u00e9silience \u00e9lev\u00e9 est la preuve tangible de sa qualit\u00e9 sup\u00e9rieure et de sa r\u00e9sistance \u00e0 l&rsquo;affaissement.<\/p><p class=\"ds-markdown-paragraph\"><strong>Id\u00e9ale pour :<\/strong><\/p><p class=\"ds-markdown-paragraph\"><strong>Les couches de soutien<\/strong>\u00a0des matelas haut de gamme.<\/p><p class=\"ds-markdown-paragraph\"><strong>Les assises de canap\u00e9s<\/strong>\u00a0et de fauteuils design, alliant confort ferme et tenue dans le temps.<\/p><p class=\"ds-markdown-paragraph\"><strong>Les t\u00eates de lit<\/strong>\u00a0et autres \u00e9l\u00e9ments de mobilier requ\u00e9rant \u00e0 la fois souplesse et rigidit\u00e9.<\/p>\t\t\t\t\t\t\t\t<\/div>\n\t\t\t\t\t<\/div>\n\t\t<\/div>\n\t\t\t\t\t<\/div>\n\t\t<\/section>\n\t\t<div class=\"elementor-element elementor-element-f56a757 e-flex e-con-boxed e-con e-parent\" data-id=\"f56a757\" data-element_type=\"container\" data-settings=\"{&quot;background_background&quot;:&quot;classic&quot;,&quot;ekit_has_onepagescroll_dot&quot;:&quot;yes&quot;}\">\n\t\t\t\t\t<div class=\"e-con-inner\">\n\t\t\t\t<div class=\"elementor-element elementor-element-04bd257 elementor-widget__width-initial elementor-invisible elementor-widget elementor-widget-elementskit-heading\" data-id=\"04bd257\" data-element_type=\"widget\" data-settings=\"{&quot;_animation&quot;:&quot;fadeInUp&quot;,&quot;ekit_we_effect_on&quot;:&quot;none&quot;}\" data-widget_type=\"elementskit-heading.default\">\n\t\t\t\t\t<div class=\"ekit-wid-con\" ><div class=\"ekit-heading elementskit-section-title-wraper text_center   ekit_heading_tablet-   ekit_heading_mobile-\"><h2 class=\"ekit-heading--title elementskit-section-title\">\u0627\u0644\u0627\u062a\u0635\u0627\u0644 \u0628 <span><span>\u0633\u0648\u062f\u064a\u0628\u064a<\/span><\/span><\/h2><div class=\"ekit_heading_separetor_wraper ekit_heading_elementskit-border-divider ekit-dotted\"><div class=\"elementskit-border-divider ekit-dotted\"><\/div><\/div>\t\t\t\t<div class='ekit-heading__description'>\n\t\t\t\t\t<p>\u0647\u0644 \u0644\u062f\u064a\u0643 \u0633\u0624\u0627\u0644 \u0639\u0646 \u0645\u0646\u062a\u062c\u0627\u062a\u0646\u0627\u061f \u0647\u0644 \u0644\u062f\u064a\u0643 \u0645\u0634\u0631\u0648\u0639 \u0645\u062d\u062f\u062f\u061f \u0641\u0631\u064a\u0642 \u0627\u0644\u062e\u0628\u0631\u0627\u0621 \u0644\u062f\u064a\u0646\u0627 \u0647\u0646\u0627 \u0644\u0645\u0633\u0627\u0639\u062f\u062a\u0643 \u0641\u064a \u0627\u0644\u0639\u062b\u0648\u0631 \u0639\u0644\u0649 \u0627\u0644\u062d\u0644 \u0627\u0644\u0623\u0646\u0633\u0628 \u0644\u0627\u062d\u062a\u064a\u0627\u062c\u0627\u062a\u0643.<\/p>\n\t\t\t\t<\/div>\n\t\t\t<\/div><\/div>\t\t\t\t<\/div>\n\t\t\t\t<div class=\"elementor-element elementor-element-ea2cd03 elementor-align-center animated-fast elementor-invisible elementor-widget elementor-widget-button\" data-id=\"ea2cd03\" data-element_type=\"widget\" data-settings=\"{&quot;_animation&quot;:&quot;zoomIn&quot;,&quot;_animation_delay&quot;:300,&quot;ekit_we_effect_on&quot;:&quot;none&quot;}\" data-widget_type=\"button.default\">\n\t\t\t\t\t\t\t\t\t\t<a class=\"elementor-button elementor-button-link elementor-size-sm\" href=\"http:\/\/contact\">\n\t\t\t\t\t\t<span class=\"elementor-button-content-wrapper\">\n\t\t\t\t\t\t\t\t\t<span class=\"elementor-button-text\">\u0627\u062a\u0635\u0644 \u0628\u0646\u0627<\/span>\n\t\t\t\t\t<\/span>\n\t\t\t\t\t<\/a>\n\t\t\t\t\t\t\t\t<\/div>\n\t\t\t\t\t<\/div>\n\t\t\t\t<\/div>\n\t\t\t\t<\/div>","protected":false},"excerpt":{"rendered":"<p>Mousse Rebond (HR) Mousse Rebond (HR) &#8211; Haut de Gamme L&rsquo;\u00c9l\u00e9gance du Soutien : Notre Mousse Rebond Haute R\u00e9silience Introduction :Pour ceux pour qui le confort est une science, Sodepi pr\u00e9sente sa Mousse Rebond (HR). Bien plus qu&rsquo;une mousse standard, il s&rsquo;agit d&rsquo;un mat\u00e9riau haute performance, con\u00e7u pour offrir une combinaison in\u00e9gal\u00e9e de soutien ferme, [&hellip;]<\/p>","protected":false},"author":1,"featured_media":0,"parent":0,"menu_order":0,"comment_status":"closed","ping_status":"closed","template":"","meta":{"footnotes":""},"class_list":["post-152","page","type-page","status-publish","hentry"],"_links":{"self":[{"href":"https:\/\/sodepi.ma\/ar\/wp-json\/wp\/v2\/pages\/152","targetHints":{"allow":["GET"]}}],"collection":[{"href":"https:\/\/sodepi.ma\/ar\/wp-json\/wp\/v2\/pages"}],"about":[{"href":"https:\/\/sodepi.ma\/ar\/wp-json\/wp\/v2\/types\/page"}],"author":[{"embeddable":true,"href":"https:\/\/sodepi.ma\/ar\/wp-json\/wp\/v2\/users\/1"}],"replies":[{"embeddable":true,"href":"https:\/\/sodepi.ma\/ar\/wp-json\/wp\/v2\/comments?post=152"}],"version-history":[{"count":24,"href":"https:\/\/sodepi.ma\/ar\/wp-json\/wp\/v2\/pages\/152\/revisions"}],"predecessor-version":[{"id":276,"href":"https:\/\/sodepi.ma\/ar\/wp-json\/wp\/v2\/pages\/152\/revisions\/276"}],"wp:attachment":[{"href":"https:\/\/sodepi.ma\/ar\/wp-json\/wp\/v2\/media?parent=152"}],"curies":[{"name":"wp","href":"https:\/\/api.w.org\/{rel}","templated":true}]}}