{"id":217,"date":"2025-11-07T10:40:00","date_gmt":"2025-11-07T10:40:00","guid":{"rendered":"https:\/\/sodepi.ma\/?page_id=217"},"modified":"2025-11-07T16:40:58","modified_gmt":"2025-11-07T16:40:58","slug":"ressorts-ensaches","status":"publish","type":"page","link":"https:\/\/sodepi.ma\/ar\/ressorts-ensaches\/","title":{"rendered":"\u0631\u0633\u0651\u0648\u0631 \u0645\u062d\u0627\u0637\u0629 \u0628\u0627\u0644\u0642\u0645\u0627\u0634 (\u0645\u063a\u0644\u0641\u0629)"},"content":{"rendered":"<div data-elementor-type=\"wp-page\" data-elementor-id=\"217\" class=\"elementor elementor-217\" data-elementor-post-type=\"page\">\n\t\t\t\t\t\t<section class=\"elementor-section elementor-top-section elementor-element elementor-element-262e468d elementor-section-height-min-height elementor-section-boxed elementor-section-height-default elementor-section-items-middle\" data-id=\"262e468d\" data-element_type=\"section\" data-settings=\"{&quot;background_background&quot;:&quot;classic&quot;,&quot;ekit_has_onepagescroll_dot&quot;:&quot;yes&quot;}\">\n\t\t\t\t\t\t\t<div class=\"elementor-background-overlay\"><\/div>\n\t\t\t\t\t\t\t<div class=\"elementor-container elementor-column-gap-wide\">\n\t\t\t\t\t<div class=\"elementor-column elementor-col-100 elementor-top-column elementor-element elementor-element-423810af\" data-id=\"423810af\" data-element_type=\"column\">\n\t\t\t<div class=\"elementor-widget-wrap elementor-element-populated\">\n\t\t\t\t\t\t<div class=\"elementor-element elementor-element-79f4dfda elementor-invisible elementor-widget elementor-widget-heading\" data-id=\"79f4dfda\" data-element_type=\"widget\" data-settings=\"{&quot;_animation&quot;:&quot;fadeIn&quot;,&quot;ekit_we_effect_on&quot;:&quot;none&quot;}\" data-widget_type=\"heading.default\">\n\t\t\t\t\t<h1 class=\"elementor-heading-title elementor-size-default\">Reesorts Ensach\u00e9s<\/h1>\t\t\t\t<\/div>\n\t\t\t\t\t<\/div>\n\t\t<\/div>\n\t\t\t\t\t<\/div>\n\t\t<\/section>\n\t\t\t\t<section class=\"elementor-section elementor-top-section elementor-element elementor-element-2919277a elementor-section-content-middle elementor-section-boxed elementor-section-height-default elementor-section-height-default\" data-id=\"2919277a\" data-element_type=\"section\" data-settings=\"{&quot;ekit_has_onepagescroll_dot&quot;:&quot;yes&quot;}\">\n\t\t\t\t\t\t<div class=\"elementor-container elementor-column-gap-wide\">\n\t\t\t\t\t<div class=\"elementor-column elementor-col-50 elementor-top-column elementor-element elementor-element-9a0941c\" data-id=\"9a0941c\" data-element_type=\"column\">\n\t\t\t<div class=\"elementor-widget-wrap elementor-element-populated\">\n\t\t\t\t\t\t<div class=\"elementor-element elementor-element-21d94d48 animated-fast elementor-widget-divider--view-line elementor-invisible elementor-widget elementor-widget-divider\" data-id=\"21d94d48\" data-element_type=\"widget\" data-settings=\"{&quot;_animation&quot;:&quot;fadeInDown&quot;,&quot;ekit_we_effect_on&quot;:&quot;none&quot;}\" data-widget_type=\"divider.default\">\n\t\t\t\t\t\t\t<div class=\"elementor-divider\">\n\t\t\t<span class=\"elementor-divider-separator\">\n\t\t\t\t\t\t<\/span>\n\t\t<\/div>\n\t\t\t\t\t\t<\/div>\n\t\t\t\t<div class=\"elementor-element elementor-element-37662d5e animated-fast elementor-invisible elementor-widget elementor-widget-heading\" data-id=\"37662d5e\" data-element_type=\"widget\" data-settings=\"{&quot;_animation&quot;:&quot;fadeInLeft&quot;,&quot;_animation_delay&quot;:200,&quot;ekit_we_effect_on&quot;:&quot;none&quot;}\" data-widget_type=\"heading.default\">\n\t\t\t\t\t<h2 class=\"elementor-heading-title elementor-size-default\">\u0631\u0633\u0651\u0648\u0631 \u0645\u062d\u0627\u0637\u0629 \u0628\u0627\u0644\u0642\u0645\u0627\u0634 (\u0645\u063a\u0644\u0641\u0629)<\/h2>\t\t\t\t<\/div>\n\t\t\t\t<div class=\"elementor-element elementor-element-5806dbeb animated-fast elementor-invisible elementor-widget elementor-widget-heading\" data-id=\"5806dbeb\" data-element_type=\"widget\" data-settings=\"{&quot;_animation&quot;:&quot;fadeInLeft&quot;,&quot;_animation_delay&quot;:300,&quot;ekit_we_effect_on&quot;:&quot;none&quot;}\" data-widget_type=\"heading.default\">\n\t\t\t\t\t<h5 class=\"elementor-heading-title elementor-size-default\"> L'Innovation au Service du Sommeil : Nos Ressorts Ensach\u00e9s<\/h5>\t\t\t\t<\/div>\n\t\t\t\t<div class=\"elementor-element elementor-element-4f6b22ea animated-fast elementor-invisible elementor-widget elementor-widget-text-editor\" data-id=\"4f6b22ea\" data-element_type=\"widget\" data-settings=\"{&quot;_animation&quot;:&quot;fadeInUp&quot;,&quot;_animation_delay&quot;:400,&quot;ekit_we_effect_on&quot;:&quot;none&quot;}\" data-widget_type=\"text-editor.default\">\n\t\t\t\t\t\t\t\t\t<p><strong>Introduction :<\/strong><br \/>D\u00e9couvrez le syst\u00e8me de soutien le plus avanc\u00e9 pour les matelas haut de gamme. Chaque ressort, encapsul\u00e9 individuellement dans son propre tissu, travaille de mani\u00e8re autonome pour un soutien sur mesure.<\/p>\t\t\t\t\t\t\t\t<\/div>\n\t\t\t\t\t<\/div>\n\t\t<\/div>\n\t\t\t\t<div class=\"elementor-column elementor-col-50 elementor-top-column elementor-element elementor-element-485cf81a\" data-id=\"485cf81a\" data-element_type=\"column\">\n\t\t\t<div class=\"elementor-widget-wrap elementor-element-populated\">\n\t\t\t\t\t\t<section class=\"elementor-section elementor-inner-section elementor-element elementor-element-326f4bb6 elementor-section-boxed elementor-section-height-default elementor-section-height-default\" data-id=\"326f4bb6\" data-element_type=\"section\" data-settings=\"{&quot;ekit_has_onepagescroll_dot&quot;:&quot;yes&quot;}\">\n\t\t\t\t\t\t<div class=\"elementor-container elementor-column-gap-no\">\n\t\t\t\t\t<div class=\"elementor-column elementor-col-50 elementor-inner-column elementor-element elementor-element-578a2065\" data-id=\"578a2065\" data-element_type=\"column\">\n\t\t\t<div class=\"elementor-widget-wrap elementor-element-populated\">\n\t\t\t\t\t\t<div class=\"elementor-element elementor-element-3c9307fe elementor-widget__width-initial animated-fast elementor-invisible elementor-widget elementor-widget-image\" data-id=\"3c9307fe\" data-element_type=\"widget\" data-settings=\"{&quot;_animation&quot;:&quot;fadeInUp&quot;,&quot;_animation_delay&quot;:300,&quot;ekit_we_effect_on&quot;:&quot;none&quot;}\" data-widget_type=\"image.default\">\n\t\t\t\t\t\t\t\t\t\t\t\t\t\t\t<img fetchpriority=\"high\" decoding=\"async\" width=\"800\" height=\"600\" src=\"https:\/\/sodepi.ma\/wp-content\/uploads\/2025\/11\/Pocketverenmatras_62fb79e5-c669-4c1f-8a94-4365097f250e.webp\" class=\"attachment-full size-full wp-image-63\" alt=\"\" srcset=\"https:\/\/sodepi.ma\/wp-content\/uploads\/2025\/11\/Pocketverenmatras_62fb79e5-c669-4c1f-8a94-4365097f250e.webp 800w, https:\/\/sodepi.ma\/wp-content\/uploads\/2025\/11\/Pocketverenmatras_62fb79e5-c669-4c1f-8a94-4365097f250e-300x225.webp 300w, https:\/\/sodepi.ma\/wp-content\/uploads\/2025\/11\/Pocketverenmatras_62fb79e5-c669-4c1f-8a94-4365097f250e-768x576.webp 768w\" sizes=\"(max-width: 800px) 100vw, 800px\" \/>\t\t\t\t\t\t\t\t\t\t\t\t\t\t\t<\/div>\n\t\t\t\t\t<\/div>\n\t\t<\/div>\n\t\t\t\t<div class=\"elementor-column elementor-col-50 elementor-inner-column elementor-element elementor-element-28463e11\" data-id=\"28463e11\" data-element_type=\"column\">\n\t\t\t<div class=\"elementor-widget-wrap elementor-element-populated\">\n\t\t\t\t\t\t<div class=\"elementor-element elementor-element-1d760e14 elementor-widget__width-initial animated-fast elementor-invisible elementor-widget elementor-widget-image\" data-id=\"1d760e14\" data-element_type=\"widget\" data-settings=\"{&quot;_animation&quot;:&quot;fadeInRight&quot;,&quot;_animation_delay&quot;:200,&quot;ekit_we_effect_on&quot;:&quot;none&quot;}\" data-widget_type=\"image.default\">\n\t\t\t\t\t\t\t\t\t\t\t\t\t\t\t<img decoding=\"async\" width=\"560\" height=\"315\" src=\"https:\/\/sodepi.ma\/wp-content\/uploads\/2025\/11\/Ressort_ensaches.jpg\" class=\"attachment-full size-full wp-image-270\" alt=\"\" srcset=\"https:\/\/sodepi.ma\/wp-content\/uploads\/2025\/11\/Ressort_ensaches.jpg 560w, https:\/\/sodepi.ma\/wp-content\/uploads\/2025\/11\/Ressort_ensaches-300x169.jpg 300w\" sizes=\"(max-width: 560px) 100vw, 560px\" \/>\t\t\t\t\t\t\t\t\t\t\t\t\t\t\t<\/div>\n\t\t\t\t\t<\/div>\n\t\t<\/div>\n\t\t\t\t\t<\/div>\n\t\t<\/section>\n\t\t\t\t\t<\/div>\n\t\t<\/div>\n\t\t\t\t\t<\/div>\n\t\t<\/section>\n\t\t\t\t<section class=\"elementor-section elementor-top-section elementor-element elementor-element-ba9ca6c elementor-section-boxed elementor-section-height-default elementor-section-height-default\" data-id=\"ba9ca6c\" data-element_type=\"section\" data-settings=\"{&quot;ekit_has_onepagescroll_dot&quot;:&quot;yes&quot;}\">\n\t\t\t\t\t\t<div class=\"elementor-container elementor-column-gap-wide\">\n\t\t\t\t\t<div class=\"elementor-column elementor-col-100 elementor-top-column elementor-element elementor-element-514d7b8\" data-id=\"514d7b8\" data-element_type=\"column\">\n\t\t\t<div class=\"elementor-widget-wrap elementor-element-populated\">\n\t\t\t\t\t\t<div class=\"elementor-element elementor-element-ef3103e elementor-widget-divider--view-line elementor-invisible elementor-widget elementor-widget-divider\" data-id=\"ef3103e\" data-element_type=\"widget\" data-settings=\"{&quot;_animation&quot;:&quot;fadeInDown&quot;,&quot;ekit_we_effect_on&quot;:&quot;none&quot;}\" data-widget_type=\"divider.default\">\n\t\t\t\t\t\t\t<div class=\"elementor-divider\">\n\t\t\t<span class=\"elementor-divider-separator\">\n\t\t\t\t\t\t<\/span>\n\t\t<\/div>\n\t\t\t\t\t\t<\/div>\n\t\t\t\t<div class=\"elementor-element elementor-element-78140e5d animated-fast elementor-invisible elementor-widget elementor-widget-heading\" data-id=\"78140e5d\" data-element_type=\"widget\" data-settings=\"{&quot;_animation&quot;:&quot;fadeInUp&quot;,&quot;_animation_delay&quot;:200,&quot;ekit_we_effect_on&quot;:&quot;none&quot;}\" data-widget_type=\"heading.default\">\n\t\t\t\t\t<h2 class=\"elementor-heading-title elementor-size-default\">Nos Crit\u00e8res d'Excellence :<\/h2>\t\t\t\t<\/div>\n\t\t\t\t<div class=\"elementor-element elementor-element-559d9089 animated-fast elementor-invisible elementor-widget elementor-widget-text-editor\" data-id=\"559d9089\" data-element_type=\"widget\" data-settings=\"{&quot;_animation&quot;:&quot;fadeInUp&quot;,&quot;_animation_delay&quot;:300,&quot;ekit_we_effect_on&quot;:&quot;none&quot;}\" data-widget_type=\"text-editor.default\">\n\t\t\t\t\t\t\t\t\t<p>Nous s\u00e9lectionnons et travaillons nos mousses selon des caract\u00e9ristiques pr\u00e9cises pour garantir un produit final sup\u00e9rieur :<\/p>\t\t\t\t\t\t\t\t<\/div>\n\t\t\t\t<section class=\"elementor-section elementor-inner-section elementor-element elementor-element-ff74574 elementor-section-boxed elementor-section-height-default elementor-section-height-default\" data-id=\"ff74574\" data-element_type=\"section\" data-settings=\"{&quot;ekit_has_onepagescroll_dot&quot;:&quot;yes&quot;}\">\n\t\t\t\t\t\t<div class=\"elementor-container elementor-column-gap-wide\">\n\t\t\t\t\t<div class=\"elementor-column elementor-col-33 elementor-inner-column elementor-element elementor-element-37a03500 animated-fast elementor-invisible\" data-id=\"37a03500\" data-element_type=\"column\" data-settings=\"{&quot;animation&quot;:&quot;zoomIn&quot;,&quot;animation_delay&quot;:400}\">\n\t\t\t<div class=\"elementor-widget-wrap elementor-element-populated\">\n\t\t\t\t\t\t<div class=\"elementor-element elementor-element-11f84491 elementor-position-top elementor-widget elementor-widget-image-box\" data-id=\"11f84491\" data-element_type=\"widget\" data-settings=\"{&quot;ekit_we_effect_on&quot;:&quot;none&quot;}\" data-widget_type=\"image-box.default\">\n\t\t\t\t\t<div class=\"elementor-image-box-wrapper\"><figure class=\"elementor-image-box-img\"><img decoding=\"async\" width=\"300\" height=\"300\" src=\"https:\/\/sodepi.ma\/wp-content\/uploads\/2025\/11\/r1.jpg\" class=\"attachment-full size-full wp-image-220\" alt=\"\" srcset=\"https:\/\/sodepi.ma\/wp-content\/uploads\/2025\/11\/r1.jpg 300w, https:\/\/sodepi.ma\/wp-content\/uploads\/2025\/11\/r1-150x150.jpg 150w\" sizes=\"(max-width: 300px) 100vw, 300px\" \/><\/figure><div class=\"elementor-image-box-content\"><h5 class=\"elementor-image-box-title\">Soutien Personnalis\u00e9<\/h5><p class=\"elementor-image-box-description\">Chaque ressort \u00e9pouse les courbes de votre corps pour un maintien optimal et une r\u00e9duction significative de la pression.<\/p><\/div><\/div>\t\t\t\t<\/div>\n\t\t\t\t\t<\/div>\n\t\t<\/div>\n\t\t\t\t<div class=\"elementor-column elementor-col-33 elementor-inner-column elementor-element elementor-element-65476f0e animated-fast elementor-invisible\" data-id=\"65476f0e\" data-element_type=\"column\" data-settings=\"{&quot;animation&quot;:&quot;zoomIn&quot;,&quot;animation_delay&quot;:500}\">\n\t\t\t<div class=\"elementor-widget-wrap elementor-element-populated\">\n\t\t\t\t\t\t<div class=\"elementor-element elementor-element-7f4a9d13 elementor-position-top elementor-widget elementor-widget-image-box\" data-id=\"7f4a9d13\" data-element_type=\"widget\" data-settings=\"{&quot;ekit_we_effect_on&quot;:&quot;none&quot;}\" data-widget_type=\"image-box.default\">\n\t\t\t\t\t<div class=\"elementor-image-box-wrapper\"><figure class=\"elementor-image-box-img\"><img loading=\"lazy\" decoding=\"async\" width=\"300\" height=\"300\" src=\"https:\/\/sodepi.ma\/wp-content\/uploads\/2025\/11\/r2.jpg\" class=\"attachment-full size-full wp-image-223\" alt=\"\" srcset=\"https:\/\/sodepi.ma\/wp-content\/uploads\/2025\/11\/r2.jpg 300w, https:\/\/sodepi.ma\/wp-content\/uploads\/2025\/11\/r2-150x150.jpg 150w\" sizes=\"(max-width: 300px) 100vw, 300px\" \/><\/figure><div class=\"elementor-image-box-content\"><h5 class=\"elementor-image-box-title\">Ind\u00e9pendance des Mouvements<\/h5><p class=\"elementor-image-box-description\">Fini les r\u00e9veils en tandem. Le mouvement d'une personne est localis\u00e9 et n'affecte pas le sommeil de l'autre.<\/p><\/div><\/div>\t\t\t\t<\/div>\n\t\t\t\t\t<\/div>\n\t\t<\/div>\n\t\t\t\t<div class=\"elementor-column elementor-col-33 elementor-inner-column elementor-element elementor-element-6f4a180f animated-fast elementor-invisible\" data-id=\"6f4a180f\" data-element_type=\"column\" data-settings=\"{&quot;animation&quot;:&quot;zoomIn&quot;,&quot;animation_delay&quot;:600}\">\n\t\t\t<div class=\"elementor-widget-wrap elementor-element-populated\">\n\t\t\t\t\t\t<div class=\"elementor-element elementor-element-1123d0b7 elementor-position-top elementor-widget elementor-widget-image-box\" data-id=\"1123d0b7\" data-element_type=\"widget\" data-settings=\"{&quot;ekit_we_effect_on&quot;:&quot;none&quot;}\" data-widget_type=\"image-box.default\">\n\t\t\t\t\t<div class=\"elementor-image-box-wrapper\"><figure class=\"elementor-image-box-img\"><img loading=\"lazy\" decoding=\"async\" width=\"300\" height=\"300\" src=\"https:\/\/sodepi.ma\/wp-content\/uploads\/2025\/11\/r3.jpg\" class=\"attachment-full size-full wp-image-222\" alt=\"\" srcset=\"https:\/\/sodepi.ma\/wp-content\/uploads\/2025\/11\/r3.jpg 300w, https:\/\/sodepi.ma\/wp-content\/uploads\/2025\/11\/r3-150x150.jpg 150w\" sizes=\"(max-width: 300px) 100vw, 300px\" \/><\/figure><div class=\"elementor-image-box-content\"><h5 class=\"elementor-image-box-title\">Durabilit\u00e9 Exceptionnelle<\/h5><p class=\"elementor-image-box-description\">Fabriqu\u00e9s en acier de haute qualit\u00e9, nos ressorts ensach\u00e9s garantissent la stabilit\u00e9 et la long\u00e9vit\u00e9 de votre matelas.<\/p><\/div><\/div>\t\t\t\t<\/div>\n\t\t\t\t\t<\/div>\n\t\t<\/div>\n\t\t\t\t\t<\/div>\n\t\t<\/section>\n\t\t\t\t<section class=\"elementor-section elementor-inner-section elementor-element elementor-element-4f4090d2 elementor-section-boxed elementor-section-height-default elementor-section-height-default\" data-id=\"4f4090d2\" data-element_type=\"section\" data-settings=\"{&quot;ekit_has_onepagescroll_dot&quot;:&quot;yes&quot;}\">\n\t\t\t\t\t\t<div class=\"elementor-container elementor-column-gap-wide\">\n\t\t\t\t\t<div class=\"elementor-column elementor-col-33 elementor-inner-column elementor-element elementor-element-2abf3f animated-fast elementor-hidden-mobile elementor-invisible\" data-id=\"2abf3f\" data-element_type=\"column\" data-settings=\"{&quot;animation&quot;:&quot;zoomIn&quot;,&quot;animation_delay&quot;:800}\">\n\t\t\t<div class=\"elementor-widget-wrap\">\n\t\t\t\t\t\t\t<\/div>\n\t\t<\/div>\n\t\t\t\t<div class=\"elementor-column elementor-col-33 elementor-inner-column elementor-element elementor-element-1c8f4232 animated-fast elementor-invisible\" data-id=\"1c8f4232\" data-element_type=\"column\" data-settings=\"{&quot;animation&quot;:&quot;zoomIn&quot;,&quot;animation_delay&quot;:700}\">\n\t\t\t<div class=\"elementor-widget-wrap elementor-element-populated\">\n\t\t\t\t\t\t<div class=\"elementor-element elementor-element-869502a elementor-position-top elementor-widget elementor-widget-image-box\" data-id=\"869502a\" data-element_type=\"widget\" data-settings=\"{&quot;ekit_we_effect_on&quot;:&quot;none&quot;}\" data-widget_type=\"image-box.default\">\n\t\t\t\t\t<div class=\"elementor-image-box-wrapper\"><figure class=\"elementor-image-box-img\"><img loading=\"lazy\" decoding=\"async\" width=\"300\" height=\"300\" src=\"https:\/\/sodepi.ma\/wp-content\/uploads\/2025\/11\/r4.jpg\" class=\"attachment-full size-full wp-image-221\" alt=\"\" srcset=\"https:\/\/sodepi.ma\/wp-content\/uploads\/2025\/11\/r4.jpg 300w, https:\/\/sodepi.ma\/wp-content\/uploads\/2025\/11\/r4-150x150.jpg 150w\" sizes=\"(max-width: 300px) 100vw, 300px\" \/><\/figure><div class=\"elementor-image-box-content\"><h5 class=\"elementor-image-box-title\">Une Ventilation Naturelle<\/h5><p class=\"elementor-image-box-description\">L'espace entre les ressorts favorise une circulation d'air efficace, contribuant \u00e0 un environnement de sommeil plus sain et \u00e0 une r\u00e9gulation thermique optimale.<\/p><\/div><\/div>\t\t\t\t<\/div>\n\t\t\t\t\t<\/div>\n\t\t<\/div>\n\t\t\t\t<div class=\"elementor-column elementor-col-33 elementor-inner-column elementor-element elementor-element-4d49364b elementor-hidden-mobile\" data-id=\"4d49364b\" data-element_type=\"column\">\n\t\t\t<div class=\"elementor-widget-wrap\">\n\t\t\t\t\t\t\t<\/div>\n\t\t<\/div>\n\t\t\t\t\t<\/div>\n\t\t<\/section>\n\t\t\t\t\t<\/div>\n\t\t<\/div>\n\t\t\t\t\t<\/div>\n\t\t<\/section>\n\t\t\t\t<section class=\"elementor-section elementor-top-section elementor-element elementor-element-2cbbee4e elementor-section-boxed elementor-section-height-default elementor-section-height-default\" data-id=\"2cbbee4e\" data-element_type=\"section\" data-settings=\"{&quot;ekit_has_onepagescroll_dot&quot;:&quot;yes&quot;}\">\n\t\t\t\t\t\t<div class=\"elementor-container elementor-column-gap-extended\">\n\t\t\t\t\t<div class=\"elementor-column elementor-col-100 elementor-top-column elementor-element elementor-element-7ab52e4d\" data-id=\"7ab52e4d\" data-element_type=\"column\">\n\t\t\t<div class=\"elementor-widget-wrap elementor-element-populated\">\n\t\t\t\t\t\t<div class=\"elementor-element elementor-element-1784d827 animated-fast elementor-widget-divider--view-line elementor-invisible elementor-widget elementor-widget-divider\" data-id=\"1784d827\" data-element_type=\"widget\" data-settings=\"{&quot;_animation&quot;:&quot;fadeInDown&quot;,&quot;ekit_we_effect_on&quot;:&quot;none&quot;}\" data-widget_type=\"divider.default\">\n\t\t\t\t\t\t\t<div class=\"elementor-divider\">\n\t\t\t<span class=\"elementor-divider-separator\">\n\t\t\t\t\t\t<\/span>\n\t\t<\/div>\n\t\t\t\t\t\t<\/div>\n\t\t\t\t<div class=\"elementor-element elementor-element-5d0a849d animated-fast elementor-invisible elementor-widget elementor-widget-heading\" data-id=\"5d0a849d\" data-element_type=\"widget\" data-settings=\"{&quot;_animation&quot;:&quot;fadeInUp&quot;,&quot;_animation_delay&quot;:200,&quot;ekit_we_effect_on&quot;:&quot;none&quot;}\" data-widget_type=\"heading.default\">\n\t\t\t\t\t<h2 class=\"elementor-heading-title elementor-size-default\">Une Solution Compl\u00e8te :<\/h2>\t\t\t\t<\/div>\n\t\t\t\t<div class=\"elementor-element elementor-element-2f600882 animated-fast elementor-invisible elementor-widget elementor-widget-text-editor\" data-id=\"2f600882\" data-element_type=\"widget\" data-settings=\"{&quot;_animation&quot;:&quot;fadeInUp&quot;,&quot;_animation_delay&quot;:300,&quot;ekit_we_effect_on&quot;:&quot;none&quot;}\" data-widget_type=\"text-editor.default\">\n\t\t\t\t\t\t\t\t\t<p>Chez Sodepi, nous concevons des syst\u00e8mes de sommeil complets. C&rsquo;est pourquoi nous pouvons combiner nos ressorts ensach\u00e9s avec les mousses PU les plus performantes de notre gamme, comme la mousse visco\u00e9lastique, pour cr\u00e9er un produit d&rsquo;une qualit\u00e9 et d&rsquo;un confort exceptionnels.<\/p>\t\t\t\t\t\t\t\t<\/div>\n\t\t\t\t\t<\/div>\n\t\t<\/div>\n\t\t\t\t\t<\/div>\n\t\t<\/section>\n\t\t<div class=\"elementor-element elementor-element-f56a757 e-flex e-con-boxed e-con e-parent\" data-id=\"f56a757\" data-element_type=\"container\" data-settings=\"{&quot;background_background&quot;:&quot;classic&quot;,&quot;ekit_has_onepagescroll_dot&quot;:&quot;yes&quot;}\">\n\t\t\t\t\t<div class=\"e-con-inner\">\n\t\t\t\t<div class=\"elementor-element elementor-element-04bd257 elementor-widget__width-initial elementor-invisible elementor-widget elementor-widget-elementskit-heading\" data-id=\"04bd257\" data-element_type=\"widget\" data-settings=\"{&quot;_animation&quot;:&quot;fadeInUp&quot;,&quot;ekit_we_effect_on&quot;:&quot;none&quot;}\" data-widget_type=\"elementskit-heading.default\">\n\t\t\t\t\t<div class=\"ekit-wid-con\" ><div class=\"ekit-heading elementskit-section-title-wraper text_center   ekit_heading_tablet-   ekit_heading_mobile-\"><h2 class=\"ekit-heading--title elementskit-section-title\">\u0627\u0644\u0627\u062a\u0635\u0627\u0644 \u0628 <span><span>\u0633\u0648\u062f\u064a\u0628\u064a<\/span><\/span><\/h2><div class=\"ekit_heading_separetor_wraper ekit_heading_elementskit-border-divider ekit-dotted\"><div class=\"elementskit-border-divider ekit-dotted\"><\/div><\/div>\t\t\t\t<div class='ekit-heading__description'>\n\t\t\t\t\t<p>\u0647\u0644 \u0644\u062f\u064a\u0643 \u0633\u0624\u0627\u0644 \u0639\u0646 \u0645\u0646\u062a\u062c\u0627\u062a\u0646\u0627\u061f \u0647\u0644 \u0644\u062f\u064a\u0643 \u0645\u0634\u0631\u0648\u0639 \u0645\u062d\u062f\u062f\u061f \u0641\u0631\u064a\u0642 \u0627\u0644\u062e\u0628\u0631\u0627\u0621 \u0644\u062f\u064a\u0646\u0627 \u0647\u0646\u0627 \u0644\u0645\u0633\u0627\u0639\u062f\u062a\u0643 \u0641\u064a \u0627\u0644\u0639\u062b\u0648\u0631 \u0639\u0644\u0649 \u0627\u0644\u062d\u0644 \u0627\u0644\u0623\u0646\u0633\u0628 \u0644\u0627\u062d\u062a\u064a\u0627\u062c\u0627\u062a\u0643.<\/p>\n\t\t\t\t<\/div>\n\t\t\t<\/div><\/div>\t\t\t\t<\/div>\n\t\t\t\t<div class=\"elementor-element elementor-element-ea2cd03 elementor-align-center animated-fast elementor-invisible elementor-widget elementor-widget-button\" data-id=\"ea2cd03\" data-element_type=\"widget\" data-settings=\"{&quot;_animation&quot;:&quot;zoomIn&quot;,&quot;_animation_delay&quot;:300,&quot;ekit_we_effect_on&quot;:&quot;none&quot;}\" data-widget_type=\"button.default\">\n\t\t\t\t\t\t\t\t\t\t<a class=\"elementor-button elementor-button-link elementor-size-sm\" href=\"http:\/\/contact\">\n\t\t\t\t\t\t<span class=\"elementor-button-content-wrapper\">\n\t\t\t\t\t\t\t\t\t<span class=\"elementor-button-text\">\u0627\u062a\u0635\u0644 \u0628\u0646\u0627<\/span>\n\t\t\t\t\t<\/span>\n\t\t\t\t\t<\/a>\n\t\t\t\t\t\t\t\t<\/div>\n\t\t\t\t\t<\/div>\n\t\t\t\t<\/div>\n\t\t\t\t<\/div>","protected":false},"excerpt":{"rendered":"<p>Reesorts Ensach\u00e9s Ressorts Ensach\u00e9s L&rsquo;Innovation au Service du Sommeil : Nos Ressorts Ensach\u00e9s Introduction :D\u00e9couvrez le syst\u00e8me de soutien le plus avanc\u00e9 pour les matelas haut de gamme. Chaque ressort, encapsul\u00e9 individuellement dans son propre tissu, travaille de mani\u00e8re autonome pour un soutien sur mesure. Nos Crit\u00e8res d&rsquo;Excellence : Nous s\u00e9lectionnons et travaillons nos mousses [&hellip;]<\/p>","protected":false},"author":1,"featured_media":0,"parent":0,"menu_order":0,"comment_status":"closed","ping_status":"closed","template":"","meta":{"footnotes":""},"class_list":["post-217","page","type-page","status-publish","hentry"],"_links":{"self":[{"href":"https:\/\/sodepi.ma\/ar\/wp-json\/wp\/v2\/pages\/217","targetHints":{"allow":["GET"]}}],"collection":[{"href":"https:\/\/sodepi.ma\/ar\/wp-json\/wp\/v2\/pages"}],"about":[{"href":"https:\/\/sodepi.ma\/ar\/wp-json\/wp\/v2\/types\/page"}],"author":[{"embeddable":true,"href":"https:\/\/sodepi.ma\/ar\/wp-json\/wp\/v2\/users\/1"}],"replies":[{"embeddable":true,"href":"https:\/\/sodepi.ma\/ar\/wp-json\/wp\/v2\/comments?post=217"}],"version-history":[{"count":7,"href":"https:\/\/sodepi.ma\/ar\/wp-json\/wp\/v2\/pages\/217\/revisions"}],"predecessor-version":[{"id":273,"href":"https:\/\/sodepi.ma\/ar\/wp-json\/wp\/v2\/pages\/217\/revisions\/273"}],"wp:attachment":[{"href":"https:\/\/sodepi.ma\/ar\/wp-json\/wp\/v2\/media?parent=217"}],"curies":[{"name":"wp","href":"https:\/\/api.w.org\/{rel}","templated":true}]}}