{"id":306,"date":"2025-11-21T15:11:19","date_gmt":"2025-11-21T15:11:19","guid":{"rendered":"https:\/\/sodepi.ma\/?page_id=306"},"modified":"2025-11-21T15:13:29","modified_gmt":"2025-11-21T15:13:29","slug":"inscription","status":"publish","type":"page","link":"https:\/\/sodepi.ma\/ar\/inscription\/","title":{"rendered":"\u0627\u0644\u062a\u0633\u062c\u064a\u0644"},"content":{"rendered":"<div data-elementor-type=\"wp-page\" data-elementor-id=\"306\" class=\"elementor elementor-306\" data-elementor-post-type=\"page\">\n\t\t\t\t\t\t<section class=\"elementor-section elementor-top-section elementor-element elementor-element-424d45c6 elementor-section-height-min-height elementor-section-boxed elementor-section-height-default elementor-section-items-middle\" data-id=\"424d45c6\" data-element_type=\"section\" data-settings=\"{&quot;background_background&quot;:&quot;classic&quot;,&quot;ekit_has_onepagescroll_dot&quot;:&quot;yes&quot;}\">\n\t\t\t\t\t\t\t<div class=\"elementor-background-overlay\"><\/div>\n\t\t\t\t\t\t\t<div class=\"elementor-container elementor-column-gap-wide\">\n\t\t\t\t\t<div class=\"elementor-column elementor-col-100 elementor-top-column elementor-element elementor-element-6a9476c5\" data-id=\"6a9476c5\" data-element_type=\"column\">\n\t\t\t<div class=\"elementor-widget-wrap elementor-element-populated\">\n\t\t\t\t\t\t<div class=\"elementor-element elementor-element-1174148d elementor-widget elementor-widget-heading\" data-id=\"1174148d\" data-element_type=\"widget\" data-settings=\"{&quot;ekit_we_effect_on&quot;:&quot;none&quot;}\" data-widget_type=\"heading.default\">\n\t\t\t\t\t<h1 class=\"elementor-heading-title elementor-size-default\">Inscription artisan<\/h1>\t\t\t\t<\/div>\n\t\t\t\t\t<\/div>\n\t\t<\/div>\n\t\t\t\t\t<\/div>\n\t\t<\/section>\n\t\t<div class=\"elementor-element elementor-element-ec0143c e-flex e-con-boxed e-con e-parent\" data-id=\"ec0143c\" data-element_type=\"container\" data-settings=\"{&quot;background_background&quot;:&quot;classic&quot;,&quot;ekit_has_onepagescroll_dot&quot;:&quot;yes&quot;}\">\n\t\t\t\t\t<div class=\"e-con-inner\">\n\t\t<div class=\"elementor-element elementor-element-79fc04e e-con-full e-grid e-con e-child\" data-id=\"79fc04e\" data-element_type=\"container\" data-settings=\"{&quot;ekit_has_onepagescroll_dot&quot;:&quot;yes&quot;}\">\n\t\t<div class=\"elementor-element elementor-element-375f38c e-con-full e-flex e-con e-child\" data-id=\"375f38c\" data-element_type=\"container\" data-settings=\"{&quot;ekit_has_onepagescroll_dot&quot;:&quot;yes&quot;}\">\n\t\t\t\t<div class=\"elementor-element elementor-element-8817333 elementor-widget elementor-widget-elementskit-heading\" data-id=\"8817333\" data-element_type=\"widget\" data-settings=\"{&quot;ekit_we_effect_on&quot;:&quot;none&quot;}\" data-widget_type=\"elementskit-heading.default\">\n\t\t\t\t\t<div class=\"ekit-wid-con\" ><div class=\"ekit-heading elementskit-section-title-wraper text_center   ekit_heading_tablet-   ekit_heading_mobile-\"><h2 class=\"elementskit-section-subtitle   ekit-heading__subtitle-has-border\">\n\t\t\t\t\t\t\u0627\u0646\u0636\u0645 \u0625\u0644\u064a\u0646\u0627\n\t\t\t\t\t<\/h2><h2 class=\"ekit-heading--title elementskit-section-title text_fill\">\u0627\u0646\u0636\u0645 \u0625\u0644\u0649 \u0645\u062c\u062a\u0645\u0639 <span><span> \u0627\u0644\u062d\u0631\u0641\u064a\u064a\u0646 \u0627\u0644\u0645\u062a\u0637\u0644\u0628\u064a\u0646<span><\/span><\/span><\/h2><\/div><\/div>\t\t\t\t<\/div>\n\t\t\t\t<div class=\"elementor-element elementor-element-b8d8fc0 elementor-widget elementor-widget-n-accordion\" data-id=\"b8d8fc0\" data-element_type=\"widget\" data-settings=\"{&quot;default_state&quot;:&quot;all_collapsed&quot;,&quot;max_items_expended&quot;:&quot;one&quot;,&quot;n_accordion_animation_duration&quot;:{&quot;unit&quot;:&quot;ms&quot;,&quot;size&quot;:400,&quot;sizes&quot;:[]},&quot;ekit_we_effect_on&quot;:&quot;none&quot;}\" data-widget_type=\"nested-accordion.default\">\n\t\t\t\t\t\t\t<div class=\"e-n-accordion\" aria-label=\"\u0627\u0644\u0623\u0643\u0648\u0631\u062f\u064a\u0648\u0646. \u0627\u0641\u062a\u062d \u0627\u0644\u0631\u0648\u0627\u0628\u0637 \u0628\u0627\u0633\u062a\u062e\u062f\u0627\u0645 Enter \u0623\u0648 \u0627\u0644\u0645\u0633\u0627\u0641\u0629\u060c \u0648\u0623\u063a\u0644\u0642\u0647\u0627 \u0628\u0627\u0633\u062a\u062e\u062f\u0627\u0645 Escape\u060c \u0648\u062a\u0646\u0642\u0644 \u0628\u0627\u0633\u062a\u062e\u062f\u0627\u0645 \u0645\u0641\u0627\u062a\u064a\u062d \u0627\u0644\u0623\u0633\u0647\u0645\">\n\t\t\t\t\t\t<details id=\"e-n-accordion-item-1930\" class=\"e-n-accordion-item\" >\n\t\t\t\t<summary class=\"e-n-accordion-item-title\" data-accordion-index=\"1\" tabindex=\"0\" aria-expanded=\"false\" aria-controls=\"e-n-accordion-item-1930\" >\n\t\t\t\t\t<span class='e-n-accordion-item-title-header'><div class=\"e-n-accordion-item-title-text\"> \u0627\u0644\u0645\u0632\u0627\u064a\u0627 <\/div><\/span>\n\t\t\t\t\t\t\t<span class='e-n-accordion-item-title-icon'>\n\t\t\t<span class='e-opened' ><svg aria-hidden=\"true\" class=\"e-font-icon-svg e-fas-minus\" viewbox=\"0 0 448 512\" xmlns=\"http:\/\/www.w3.org\/2000\/svg\"><path d=\"M416 208H32c-17.67 0-32 14.33-32 32v32c0 17.67 14.33 32 32 32h384c17.67 0 32-14.33 32-32v-32c0-17.67-14.33-32-32-32z\"><\/path><\/svg><\/span>\n\t\t\t<span class='e-closed'><svg aria-hidden=\"true\" class=\"e-font-icon-svg e-fas-plus\" viewbox=\"0 0 448 512\" xmlns=\"http:\/\/www.w3.org\/2000\/svg\"><path d=\"M416 208H272V64c0-17.67-14.33-32-32-32h-32c-17.67 0-32 14.33-32 32v144H32c-17.67 0-32 14.33-32 32v32c0 17.67 14.33 32 32 32h144v144c0 17.67 14.33 32 32 32h32c17.67 0 32-14.33 32-32V304h144c17.67 0 32-14.33 32-32v-32c0-17.67-14.33-32-32-32z\"><\/path><\/svg><\/span>\n\t\t<\/span>\n\n\t\t\t\t\t\t<\/summary>\n\t\t\t\t<div role=\"region\" aria-labelledby=\"e-n-accordion-item-1930\" class=\"elementor-element elementor-element-0add7e7 e-con-full e-flex e-con e-child\" data-id=\"0add7e7\" data-element_type=\"container\" data-settings=\"{&quot;ekit_has_onepagescroll_dot&quot;:&quot;yes&quot;}\">\n\t\t\t\t<div class=\"elementor-element elementor-element-3c95eb1 elementor-widget__width-inherit elementor-widget elementor-widget-text-editor\" data-id=\"3c95eb1\" data-element_type=\"widget\" data-settings=\"{&quot;ekit_we_effect_on&quot;:&quot;none&quot;}\" data-widget_type=\"text-editor.default\">\n\t\t\t\t\t\t\t\t\t<p class=\"ds-markdown-paragraph\">\u0646\u062d\u0646 \u0641\u064a \u0633\u0648\u062f\u064a\u0628\u064a \u0646\u0642\u062f\u0631 \u062e\u0628\u0631\u0629 \u0627\u0644\u062d\u0631\u0641\u064a\u064a\u0646 \u0644\u062f\u064a\u0646\u0627. \u0644\u062a\u0639\u0627\u0648\u0646\u0643 \u0627\u0644\u0623\u0648\u0644 \u0645\u0639\u0646\u0627\u060c \u0646\u0648\u062f \u0623\u0646 \u0646\u0642\u062f\u0645 \u0644\u0643\u00a0<strong>\u062e\u0635\u0645 \u0641\u0648\u0631\u064a \u0628\u0642\u064a\u0645\u0629 1000 \u062f\u0631\u0647\u0645<\/strong> \u0639\u0644\u0649 \u0637\u0644\u0628\u0643 (\u0645\u0646 10,000 \u062f\u0631\u0647\u0645).<\/p><p class=\"ds-markdown-paragraph\"><strong>\u0627\u0644\u0639\u0645\u0644\u064a\u0629 \u0628\u0633\u064a\u0637\u0629:<\/strong><\/p><ol start=\"1\"><li><p class=\"ds-markdown-paragraph\"><strong>\u0633\u062c\u0644 \u0641\u064a<\/strong>\u00a0\u0628\u0627\u0633\u062a\u062e\u062f\u0627\u0645 \u0627\u0644\u0646\u0645\u0648\u0630\u062c \u0623\u062f\u0646\u0627\u0647.<\/p><\/li><li><p class=\"ds-markdown-paragraph\"><strong>\u0633\u0646\u0642\u0648\u0645 \u0628\u062a\u0633\u062c\u064a\u0644 \u0628\u064a\u0627\u0646\u0627\u062a\u0643.<\/strong>\u00a0\u0628\u0645\u062c\u0631\u062f \u0627\u062a\u0635\u0627\u0644\u0643 \u0644\u062a\u0642\u062f\u064a\u0645 \u0637\u0644\u0628\u060c \u0646\u062a\u0639\u0631\u0641 \u0639\u0644\u064a\u0643 \u0639\u0644\u0649 \u0627\u0644\u0641\u0648\u0631.<\/p><\/li><li><p class=\"ds-markdown-paragraph\"><strong>\u0644\u0642\u062f \u0630\u0643\u0631\u062a \u062a\u0633\u062c\u064a\u0644\u0643<\/strong> \u0648\u0633\u064a\u062a\u0645 \u062a\u0637\u0628\u064a\u0642 \u0627\u0644\u062e\u0635\u0645 \u0627\u0644\u062a\u0631\u062d\u064a\u0628\u064a \u062a\u0644\u0642\u0627\u0626\u064a\u0627\u064b \u0639\u0644\u0649 \u0641\u0627\u062a\u0648\u0631\u062a\u0643 \u0627\u0644\u0623\u0648\u0644\u0649.<\/p><\/li><\/ol><p class=\"ds-markdown-paragraph\">\u0633\u062c\u0644 \u0627\u0644\u0622\u0646 \u062d\u062a\u0649 \u0646\u062a\u0645\u0643\u0646 \u0645\u0646 \u0627\u0644\u062a\u0639\u0631\u0641 \u0639\u0644\u064a\u0643 \u0648\u0646\u0631\u062d\u0628 \u0628\u0643 \u062a\u0631\u062d\u064a\u0628\u0627\u064b \u062d\u0627\u0631\u0627\u064b.<\/p>\t\t\t\t\t\t\t\t<\/div>\n\t\t\t\t<\/div>\n\t\t\t\t\t<\/details>\n\t\t\t\t\t<\/div>\n\t\t\t\t\t\t<\/div>\n\t\t\t\t<\/div>\n\t\t<div class=\"elementor-element elementor-element-5c50fad e-con-full e-flex e-con e-child\" data-id=\"5c50fad\" data-element_type=\"container\" data-settings=\"{&quot;ekit_has_onepagescroll_dot&quot;:&quot;yes&quot;}\">\n\t\t\t\t<div class=\"elementor-element elementor-element-f955953 elementor-widget elementor-widget-html\" data-id=\"f955953\" data-element_type=\"widget\" data-settings=\"{&quot;ekit_we_effect_on&quot;:&quot;none&quot;}\" data-widget_type=\"html.default\">\n\t\t\t\t\t<style>\n    #submit-to-google-sheet {\n        font-size: 12px;\n    }\n    ::-webkit-input-placeholder {\n        text-align: left;\n        padding: 5px;\n        \n    }\n    :-moz-placeholder {\n        text-align: left;\n        padding: 5px;\n        \n    }\n    placeholder{\n        text-align: left;\n        padding-right: 10px;\n        \n    }\n    input {\n        text-align: left;\n        color: white;\n        width: 100%;\n        height: 50px;\n        padding-right: 20px;\n        border-color: black;\n        border-radius: 10px;\n        background-color: transparent;\n        border-color: rgb(200,200,200);\n        \n    }\n    \n    label {\n        display: flex;\n        justify-content: flex-end; \n        box-shadow: 0px 0px 8px rgba(000, 000, 007, 0.5);\n        text-align: right;\n        background-color: white;\n        border: 1px solid rgb(200,200,200);\n        border-radius: 10px;\n        padding: 10px;\n        cursor: pointer;\n        transition: 0.4s;\n        width: 100%;\n    }\n    \n    label:hover, input[type=\"radio\"]:checked + label {\n        border-color: #BC8A8D;\n        box-shadow: 0px 0px 8px rgba(188, 138, 141, 0.5);\n    }\n\n\n    input[type=\"radio\"] {\n        width: 20px;\n        height: 20px;\n        border: 1px solid rgb(200,200,200);\n        border-radius: 50%;\n        margin-right: 10px;\n        margin-left: 10px;\n        position: relative;\n        color: white;\n      font-size: 13px !important\n    \n        \n        \n    }\n\n    input[type=\"radio\"]:checked {\n        background-color: #000000;\n        \n    }\n    \n\n\n    #form_sheet img {\n        width: 60px;\n        height: 60px;\n        margin-left: auto;\n        border-radius: 5px;\n        \n        \n    }\n\n    #submit-btn {\n        height: 60px;\n        width: 100%;\n        text-align: center;\n        font-size: 20px;\n        border-radius: 10px;\n        color: #FFFFFF;\n        border: none;\n        text-transform: uppercase;\n\n    }\n\n    #submit-btn:hover {\n        background-color: #FFFFFF;\n        border-color: #483B16;\n        border-style: solid;\n        color: #483B16;\n    }\n\n    \/* Overall form *\/\n#form_sheet {\n  position: relative;\n  \/* Ensure the form occupies the full width of the parent container *\/\n}\n\n\/* Center the loading spinner *\/\n#loading {\n  display: none;\n  position: absolute;\n  top: 50%;\n  left: 50%;\n  transform: translate(-50%, -50%); \/* Center it perfectly *\/\n  width: 40px;\n  height: 40px;\n  border: 5px solid rgba(188, 138, 141, 0.5);\n  border-top: 5px solid #BC8A8D;\n  border-radius: 50%;\n  animation: spin 1s linear infinite;\n  z-index: 10; \/* Ensure it stays above the form *\/\n}\n\n    @keyframes spin {\n        0% { transform: rotate(0deg); }\n        100% { transform: rotate(360deg); }\n    }\n\n\n    \n\n    \/* Blurring effect *\/\n    .blurred {\n        filter: blur(5px);\n        pointer-events: none; \/* D\u00e9sactive les interactions sur la zone flout\u00e9e *\/\n    }\n    \n    .color-title {\n      direction: ltr;       \/* sets writing direction *\/\n      text-align: right;    \/* aligns text to the right *\/\n      border: none;\n      box-shadow: none !important;\n      font-family: Droid Arabic Kufi !important;\n      font-size: 13px !important\n    }\n    \n    .thank_you {\n        color: : white;\n    }\n    \n\n\n<\/style>\n\n<div id=\"form_sheet\">\n    <form name=\"sheet1\" id=\"submit-to-google-sheet\" action=\"\">\n        <input name=\"name\" type=\"text\" placeholder=\"\u0627\u0644\u0627\u0633\u0645 \u0627\u0644\u0643\u0627\u0645\u0644\" required>\n        <br><br>\n\n        <input name=\"phoneNumber\" type=\"text\" pattern=\"[0-9]{10}\" placeholder=\"\u062a\u0644\u064a\u0641\u0648\u0646\" required>\n        <br><br>\n\n        <input name=\"address\" type=\"text\" placeholder=\"\u0627\u0644\u0639\u0646\u0648\u0627\u0646\" required>\n        <br><br>\n\n        <input name=\"city\" type=\"text\" placeholder=\"\u0627\u0644\u0645\u062f\u064a\u0646\u0629\" required>\n        <br><br>\n        \n        <input name=\"orderTotal\" type=\"number\" placeholder=\"\u0639\u062f\u062f \u0627\u0644\u0637\u0644\u0628\u0627\u062a \u0641\u064a \u0627\u0644\u0634\u0647\u0631\" required>\n        <br><br>\n        \n        <br>\n\n        <input id=\"submit-btn\" type=\"submit\" value=\"\u062a\u0623\u0643\u064a\u062f \">\n    <input type=\"hidden\" name=\"trp-form-language\" value=\"ar\"\/><\/form>\n<\/div>\n\n<div id=\"thank_you\" style=\"display: none\">\n    <h2>\u062a\u0647\u0627\u0646\u064a\u0646\u0627\u060c \u062a\u0645 \u062a\u0623\u0643\u064a\u062f \u062a\u0633\u062c\u064a\u0644\u0643!<\/h2>\n    <br><br>\n    <p class=\"ds-markdown-paragraph\">\u064a\u0633\u0639\u062f\u0646\u0627 \u0623\u0646 \u0646\u0631\u062d\u0628 \u0628\u0643 \u0641\u064a \u0645\u062c\u062a\u0645\u0639 \u0627\u0644\u062d\u0631\u0641\u064a\u064a\u0646 \u0641\u064a \u0633\u0648\u062f\u064a\u0628\u064a.<\/p>\n<p class=\"ds-markdown-paragraph\"><strong>\u0645\u0627\u0630\u0627 \u064a\u062d\u062f\u062b \u0627\u0644\u0622\u0646\u061f<\/strong><\/p>\n\n<ol start=\"1\">\n \t<li>\n<p class=\"ds-markdown-paragraph\"><strong>\u064a\u062a\u0645 \u062a\u0633\u062c\u064a\u0644 \u0645\u0639\u0644\u0648\u0645\u0627\u062a\u0643<\/strong>\u00a0\u0641\u064a \u0646\u0638\u0627\u0645\u0646\u0627.<\/p>\n<\/li>\n \t<li>\n<p class=\"ds-markdown-paragraph\"><strong>\u0639\u0646\u062f \u062a\u0642\u062f\u064a\u0645 \u0637\u0644\u0628\u0643 \u0627\u0644\u0623\u0648\u0644 \u0639\u0628\u0631 \u0627\u0644\u0647\u0627\u062a\u0641<\/strong>, \u0645\u0627 \u0639\u0644\u064a\u0643 \u0633\u0648\u0649 \u0630\u0643\u0631 \u0623\u0646\u0643 \u0645\u0633\u062c\u0644.<\/p>\n<\/li>\n \t<li>\n<p class=\"ds-markdown-paragraph\"><strong>\u0633\u0646\u0642\u0648\u0645 \u0639\u0644\u0649 \u0627\u0644\u0641\u0648\u0631 \u0628\u062a\u0637\u0628\u064a\u0642 \u0639\u0631\u0636 \u0627\u0644\u062a\u0631\u062d\u064a\u0628 \u0627\u0644\u062e\u0627\u0635 \u0628\u0643 \u0628\u0642\u064a\u0645\u0629 1000 \u062f\u0631\u0647\u0645<\/strong>\u00a0\u0639\u0644\u0649 \u0641\u0627\u062a\u0648\u0631\u062a\u0643 ( 10,000 \u062f\u0631\u0647\u0645 ).<\/p>\n<\/li>\n<\/ol>\n<p class=\"ds-markdown-paragraph\">\u0646\u062a\u0637\u0644\u0639 \u0625\u0644\u0649 \u0627\u0644\u0639\u0645\u0644 \u0645\u0639\u0643 \u0648\u0645\u0634\u0627\u0631\u0643\u0629 \u062c\u0648\u062f\u0629 \u0645\u0643\u0648\u0646\u0627\u062a\u0646\u0627 \u0645\u0639\u0643.<\/p>\n<p class=\"ds-markdown-paragraph\">\u0641\u0631\u064a\u0642 \u0633\u0648\u062f\u064a\u0628\u064a<\/p>\n<\/div>\n\n\n<div id=\"loading\"><\/div>\n\n\n<script src=\"https:\/\/code.jquery.com\/jquery-3.5.0.js\"><\/script>\n\n<script>\n    $(document).ready(function() {\n        var $form = $('#submit-to-google-sheet'),\n            url = 'https:\/\/script.google.com\/macros\/s\/AKfycbzG_FhE_h2I0VuXSuuIPcUANl4lxtI0n6nDP4_ETnEnsADy0Irqg50EcYovtgLDHOiG\/exec';\n\n        $('form').on('submit', function(e) {\n            e.preventDefault();\n\n            $('#loading').show();\n            $('#submit-btn').prop('disabled', true);\n\n            \/\/ Apply blur effect to the form section\n            $('#form_sheet').addClass('blurred');\n\n            $.ajax({\n                url: url,\n                method: \"POST\",\n                data: $form.serialize()\n            }).done(function() {\n                $('#form_sheet').hide();\n                $('#thank_you').show();\n                $('#loading').hide();\n                $('#form_sheet').removeClass('blurred'); \/\/ Remove the blur when the thank you message shows\n\n                fbq('track', 'Purchase', {\n                    currency: 'MAD',\n                    value: 179,\n                });\n                fbq('track', 'Lead', {\n                      value: 179, \n                      currency: 'MAD'\n                });\n\n            }).fail(function() {\n                $('#loading').hide();\n                $('#submit-btn').prop('disabled', false);\n                alert('Erreur lors de l\\'envoi des donn\u00e9es. Essayez de commander par Whatsapp.');\n                $('#form_sheet').removeClass('blurred'); \/\/ Remove blur effect if request fails\n            });\n        });\n    });\n<\/script>\n\t\t\t\t<\/div>\n\t\t\t\t<\/div>\n\t\t\t\t<\/div>\n\t\t\t\t\t<\/div>\n\t\t\t\t<\/div>\n\t\t<div class=\"elementor-element elementor-element-3d90be9 e-flex e-con-boxed e-con e-parent\" data-id=\"3d90be9\" data-element_type=\"container\" data-settings=\"{&quot;background_background&quot;:&quot;classic&quot;,&quot;ekit_has_onepagescroll_dot&quot;:&quot;yes&quot;}\">\n\t\t\t\t\t<div class=\"e-con-inner\">\n\t\t\t\t<div class=\"elementor-element elementor-element-10868e0 elementor-widget__width-initial elementor-widget elementor-widget-elementskit-heading\" data-id=\"10868e0\" data-element_type=\"widget\" data-settings=\"{&quot;ekit_we_effect_on&quot;:&quot;none&quot;}\" data-widget_type=\"elementskit-heading.default\">\n\t\t\t\t\t<div class=\"ekit-wid-con\" ><div class=\"ekit-heading elementskit-section-title-wraper text_center   ekit_heading_tablet-   ekit_heading_mobile-\"><h2 class=\"ekit-heading--title elementskit-section-title\">\u0627\u0644\u0627\u062a\u0635\u0627\u0644 \u0628 <span><span>\u0633\u0648\u062f\u064a\u0628\u064a<\/span><\/span><\/h2><div class=\"ekit_heading_separetor_wraper ekit_heading_elementskit-border-divider ekit-dotted\"><div class=\"elementskit-border-divider ekit-dotted\"><\/div><\/div>\t\t\t\t<div class='ekit-heading__description'>\n\t\t\t\t\t<p>\u0647\u0644 \u0644\u062f\u064a\u0643 \u0633\u0624\u0627\u0644 \u0639\u0646 \u0645\u0646\u062a\u062c\u0627\u062a\u0646\u0627\u061f \u0647\u0644 \u0644\u062f\u064a\u0643 \u0645\u0634\u0631\u0648\u0639 \u0645\u062d\u062f\u062f\u061f \u0641\u0631\u064a\u0642 \u0627\u0644\u062e\u0628\u0631\u0627\u0621 \u0644\u062f\u064a\u0646\u0627 \u0647\u0646\u0627 \u0644\u0645\u0633\u0627\u0639\u062f\u062a\u0643 \u0641\u064a \u0627\u0644\u0639\u062b\u0648\u0631 \u0639\u0644\u0649 \u0627\u0644\u062d\u0644 \u0627\u0644\u0623\u0646\u0633\u0628 \u0644\u0627\u062d\u062a\u064a\u0627\u062c\u0627\u062a\u0643.<\/p>\n\t\t\t\t<\/div>\n\t\t\t<\/div><\/div>\t\t\t\t<\/div>\n\t\t\t\t<div class=\"elementor-element elementor-element-ee3c1d8 elementor-align-center elementor-widget elementor-widget-button\" data-id=\"ee3c1d8\" data-element_type=\"widget\" data-settings=\"{&quot;ekit_we_effect_on&quot;:&quot;none&quot;}\" data-widget_type=\"button.default\">\n\t\t\t\t\t\t\t\t\t\t<a class=\"elementor-button elementor-button-link elementor-size-sm\" href=\"\/ar\/contact\/\">\n\t\t\t\t\t\t<span class=\"elementor-button-content-wrapper\">\n\t\t\t\t\t\t\t\t\t<span class=\"elementor-button-text\">\u0627\u062a\u0635\u0644 \u0628\u0646\u0627<\/span>\n\t\t\t\t\t<\/span>\n\t\t\t\t\t<\/a>\n\t\t\t\t\t\t\t\t<\/div>\n\t\t\t\t\t<\/div>\n\t\t\t\t<\/div>\n\t\t\t\t<\/div>","protected":false},"excerpt":{"rendered":"<p>Inscription artisan Rejoignez nous Rejoignez la Communaut\u00e9 des Artisans Exigeants B\u00e9n\u00e9fices Chez Sodepi, nous valorisons le savoir-faire des artisans. Pour votre premi\u00e8re collaboration avec nous, nous souhaitons vous offrir\u00a01000 DH de remise imm\u00e9diate sur votre commande (\u00e0 partir de 10 000 DH). Le processus est simple : Inscrivez-vous\u00a0via le formulaire ci-dessous. Nous enregistrons vos coordonn\u00e9es.\u00a0D\u00e8s [&hellip;]<\/p>","protected":false},"author":1,"featured_media":0,"parent":0,"menu_order":0,"comment_status":"closed","ping_status":"closed","template":"","meta":{"footnotes":""},"class_list":["post-306","page","type-page","status-publish","hentry"],"_links":{"self":[{"href":"https:\/\/sodepi.ma\/ar\/wp-json\/wp\/v2\/pages\/306","targetHints":{"allow":["GET"]}}],"collection":[{"href":"https:\/\/sodepi.ma\/ar\/wp-json\/wp\/v2\/pages"}],"about":[{"href":"https:\/\/sodepi.ma\/ar\/wp-json\/wp\/v2\/types\/page"}],"author":[{"embeddable":true,"href":"https:\/\/sodepi.ma\/ar\/wp-json\/wp\/v2\/users\/1"}],"replies":[{"embeddable":true,"href":"https:\/\/sodepi.ma\/ar\/wp-json\/wp\/v2\/comments?post=306"}],"version-history":[{"count":4,"href":"https:\/\/sodepi.ma\/ar\/wp-json\/wp\/v2\/pages\/306\/revisions"}],"predecessor-version":[{"id":310,"href":"https:\/\/sodepi.ma\/ar\/wp-json\/wp\/v2\/pages\/306\/revisions\/310"}],"wp:attachment":[{"href":"https:\/\/sodepi.ma\/ar\/wp-json\/wp\/v2\/media?parent=306"}],"curies":[{"name":"wp","href":"https:\/\/api.w.org\/{rel}","templated":true}]}}